{"id":2938,"date":"2025-04-08T11:41:00","date_gmt":"2025-04-08T11:41:00","guid":{"rendered":"https:\/\/realrendering.agency\/aviso-legal\/"},"modified":"2025-08-08T11:12:06","modified_gmt":"2025-08-08T11:12:06","slug":"aviso-legal","status":"publish","type":"page","link":"https:\/\/realrendering.agency\/it\/aviso-legal\/","title":{"rendered":"Aviso legal"},"content":{"rendered":"\t\t<div data-elementor-type=\"wp-page\" data-elementor-id=\"2938\" class=\"elementor elementor-2938 elementor-532\" data-elementor-post-type=\"page\">\n\t\t\t\t<div class=\"elementor-element elementor-element-404349b9 e-flex e-con-boxed e-con e-parent\" data-id=\"404349b9\" data-element_type=\"container\" data-e-type=\"container\">\n\t\t\t\t\t<div class=\"e-con-inner\">\n\t\t\t\t<div class=\"elementor-element elementor-element-1b8dc44a elementor-widget elementor-widget-text-editor\" data-id=\"1b8dc44a\" data-element_type=\"widget\" data-e-type=\"widget\" data-widget_type=\"text-editor.default\">\n\t\t\t\t<div class=\"elementor-widget-container\">\n\t\t\t\t\t\t\t\t\t\n<h1 class=\"wp-block-heading\">Avviso Legale<\/h1>\n\n<p data-start=\"61\" data-end=\"206\"><strong data-start=\"81\" data-end=\"95\">2. OGGETTO<\/strong><br data-start=\"95\" data-end=\"98\" \/>Attraverso il Sito Web offriamo agli Utenti la possibilit\u00e0 di accedere alle informazioni sui nostri servizi.<\/p>\n<p data-start=\"208\" data-end=\"607\"><strong data-start=\"208\" data-end=\"245\">3. PRIVACY E TRATTAMENTO DEI DATI<\/strong><br data-start=\"245\" data-end=\"248\" \/>Quando per accedere a determinati contenuti o servizi \u00e8 necessario fornire dati personali, gli Utenti garantiscono la veridicit\u00e0, l\u2019accuratezza, l\u2019autenticit\u00e0 e la validit\u00e0 di tali dati. L\u2019azienda tratter\u00e0 tali dati in modo automatizzato, in funzione della loro natura o finalit\u00e0, secondo i termini indicati nella sezione dedicata alla Politica sulla Privacy.<\/p>\n<p data-start=\"609\" data-end=\"1538\"><strong data-start=\"609\" data-end=\"653\">4. PROPRIET\u00c0 INTELLETTUALE E INDUSTRIALE<\/strong><br data-start=\"653\" data-end=\"656\" \/>L\u2019Utente riconosce e accetta che tutti i contenuti visualizzati sul Sito Web, in particolare disegni, testi, immagini, loghi, icone, pulsanti, software, nomi commerciali, marchi o qualsiasi altro segno suscettibile di utilizzo industriale e\/o commerciale, sono soggetti a diritti di Propriet\u00e0 Intellettuale. Tutti i marchi, nomi commerciali o segni distintivi, cos\u00ec come i diritti di propriet\u00e0 intellettuale e industriale relativi ai contenuti e\/o ad altri elementi inseriti nella pagina, sono di propriet\u00e0 esclusiva dell\u2019azienda e\/o di terzi, che ne detengono il diritto esclusivo di utilizzo nell\u2019ambito economico. Pertanto, l\u2019Utente si impegna a non riprodurre, copiare, distribuire, rendere disponibile o in qualsiasi modo comunicare pubblicamente, trasformare o modificare tali contenuti, manlevando l\u2019azienda da qualsiasi reclamo derivante dall\u2019inadempimento di tali obblighi.<\/p>\n<p data-start=\"1540\" data-end=\"2122\">L\u2019accesso al Sito Web non implica in alcun caso rinuncia, trasferimento, licenza o cessione, totale o parziale, di tali diritti, salvo diversa indicazione espressa. Le presenti Condizioni Generali d\u2019Uso non conferiscono agli Utenti alcun altro diritto di utilizzo, alterazione, sfruttamento, riproduzione, distribuzione o comunicazione pubblica del Sito Web e\/o dei suoi Contenuti, salvo quanto qui espressamente previsto. Qualsiasi altro uso o sfruttamento di diritti sar\u00e0 soggetto a previa e specifica autorizzazione scritta da parte dell\u2019azienda o del terzo titolare dei diritti.<\/p>\n<p data-start=\"2124\" data-end=\"2684\">Tutti i contenuti, testi, fotografie, disegni, loghi, immagini, programmi informatici, codici sorgente e, in generale, qualsiasi creazione intellettuale presente in questo Spazio, cos\u00ec come l\u2019intero Spazio Web inteso come opera artistica multimediale, sono protetti dalla normativa sul diritto d\u2019autore. L\u2019azienda \u00e8 titolare degli elementi che compongono il design grafico del Sito Web, dei menu, pulsanti di navigazione, codice HTML, testi, immagini, texture, grafica e qualsiasi altro contenuto, oppure dispone dell\u2019autorizzazione per l\u2019uso di tali elementi.<\/p>\n<p data-start=\"2686\" data-end=\"3330\">I contenuti del Sito Web non possono essere riprodotti, n\u00e9 integralmente n\u00e9 parzialmente, trasmessi o registrati in alcun sistema di recupero delle informazioni, in alcuna forma e con alcun mezzo, senza previa autorizzazione scritta dell\u2019azienda. \u00c8 altres\u00ec vietato rimuovere, eludere e\/o manipolare il copyright, cos\u00ec come i dispositivi tecnici di protezione o qualsiasi meccanismo d\u2019informazione presenti nei contenuti. L\u2019Utente si impegna a rispettare tali diritti e ad evitare qualsiasi azione che possa danneggiarli, riservandosi l\u2019azienda il diritto di agire legalmente a tutela dei propri diritti di propriet\u00e0 intellettuale e industriale.<\/p>\n<p data-start=\"3332\" data-end=\"3414\"><strong data-start=\"3332\" data-end=\"3389\">5. OBBLIGHI E RESPONSABILIT\u00c0 DELL\u2019UTENTE DEL SITO WEB<\/strong><br data-start=\"3389\" data-end=\"3392\" \/>L\u2019Utente si impegna a:<\/p>\n<ol data-start=\"3416\" data-end=\"3983\">\n<li data-start=\"3416\" data-end=\"3673\">\n<p data-start=\"3419\" data-end=\"3673\">Utilizzare in modo appropriato e lecito il Sito Web e i suoi contenuti e servizi, conformemente a: (i) la normativa vigente; (ii) le presenti Condizioni Generali d\u2019Uso; (iii) la morale e i buoni costumi generalmente accettati; e (iv) l\u2019ordine pubblico.<\/p>\n<\/li>\n<li data-start=\"3674\" data-end=\"3747\">\n<p data-start=\"3677\" data-end=\"3747\">Procurarsi tutti i mezzi tecnici necessari per accedere al Sito Web.<\/p>\n<\/li>\n<li data-start=\"3748\" data-end=\"3983\">\n<p data-start=\"3751\" data-end=\"3983\">Fornire informazioni veritiere nei moduli presenti nel Sito Web e mantenerle aggiornate, rispondendo della loro accuratezza. L\u2019Utente sar\u00e0 responsabile delle dichiarazioni false o inesatte e dei danni arrecati all\u2019azienda o a terzi.<\/p>\n<\/li>\n<\/ol>\n<p data-start=\"3985\" data-end=\"4018\">L\u2019Utente, inoltre, si asterr\u00e0 da:<\/p>\n<ol data-start=\"4020\" data-end=\"5231\">\n<li data-start=\"4020\" data-end=\"4211\">\n<p data-start=\"4023\" data-end=\"4211\">Usare il Sito Web e\/o i contenuti in modo illecito o fraudolento, lesivo dei diritti altrui, o che possa danneggiare, sovraccaricare, deteriorare o impedire il normale utilizzo del Sito.<\/p>\n<\/li>\n<li data-start=\"4212\" data-end=\"4287\">\n<p data-start=\"4215\" data-end=\"4287\">Accedere o tentare di accedere ad aree riservate senza autorizzazione.<\/p>\n<\/li>\n<li data-start=\"4288\" data-end=\"4363\">\n<p data-start=\"4291\" data-end=\"4363\">Danneggiare i sistemi fisici o logici del Sito Web, fornitori o terzi.<\/p>\n<\/li>\n<li data-start=\"4364\" data-end=\"4422\">\n<p data-start=\"4367\" data-end=\"4422\">Introdurre virus informatici o altri sistemi dannosi.<\/p>\n<\/li>\n<li data-start=\"4423\" data-end=\"4515\">\n<p data-start=\"4426\" data-end=\"4515\">Accedere, utilizzare o manipolare i dati della societ\u00e0, di fornitori o di altri Utenti.<\/p>\n<\/li>\n<li data-start=\"4516\" data-end=\"4589\">\n<p data-start=\"4519\" data-end=\"4589\">Riprodurre, distribuire o modificare contenuti senza autorizzazione.<\/p>\n<\/li>\n<li data-start=\"4590\" data-end=\"4661\">\n<p data-start=\"4593\" data-end=\"4661\">Eliminare o alterare avvisi su diritti di propriet\u00e0 intellettuale.<\/p>\n<\/li>\n<li data-start=\"4662\" data-end=\"4752\">\n<p data-start=\"4665\" data-end=\"4752\">Ottenere contenuti con mezzi non autorizzati o che comportino rischi per il Sito Web.<\/p>\n<\/li>\n<li data-start=\"4753\" data-end=\"5231\">\n<p data-start=\"4756\" data-end=\"4816\">Trasmettere, diffondere o rendere disponibile materiale che:<\/p>\n<ul data-start=\"4820\" data-end=\"5231\">\n<li data-start=\"4820\" data-end=\"4869\">\n<p data-start=\"4822\" data-end=\"4869\">Viola diritti fondamentali o libert\u00e0 pubbliche.<\/p>\n<\/li>\n<li data-start=\"4873\" data-end=\"4947\">\n<p data-start=\"4875\" data-end=\"4947\">Inciti a comportamenti illegali, discriminatori, diffamatori o violenti.<\/p>\n<\/li>\n<li data-start=\"4951\" data-end=\"5020\">\n<p data-start=\"4953\" data-end=\"5020\">Promuova pratiche pericolose per la salute o l\u2019equilibrio psichico.<\/p>\n<\/li>\n<li data-start=\"5024\" data-end=\"5080\">\n<p data-start=\"5026\" data-end=\"5080\">Sia protetto da diritti d\u2019autore senza autorizzazione.<\/p>\n<\/li>\n<li data-start=\"5084\" data-end=\"5146\">\n<p data-start=\"5086\" data-end=\"5146\">Sia contrario all\u2019onore, alla privacy o all\u2019immagine altrui.<\/p>\n<\/li>\n<li data-start=\"5150\" data-end=\"5191\">\n<p data-start=\"5152\" data-end=\"5191\">Costituisca pubblicit\u00e0 non autorizzata.<\/p>\n<\/li>\n<li data-start=\"5195\" data-end=\"5231\">\n<p data-start=\"5197\" data-end=\"5231\">Contenga virus o software dannoso.<\/p>\n<\/li>\n<\/ul>\n<\/li>\n<\/ol>\n<p data-start=\"5233\" data-end=\"5495\">Se viene assegnata una password, l\u2019Utente si impegna a custodirla in modo diligente e a mantenerla riservata. Sar\u00e0 responsabile di qualsiasi uso improprio, anche da parte di terzi, fino a che non ne venga data comunicazione all\u2019azienda per la sua disattivazione.<\/p>\n<p data-start=\"5497\" data-end=\"5616\">In caso di violazione dolosa o negligente delle presenti condizioni, l\u2019Utente risponder\u00e0 dei danni causati all\u2019azienda.<\/p>\n<p data-start=\"5618\" data-end=\"5891\"><strong data-start=\"5618\" data-end=\"5639\">6. RESPONSABILIT\u00c0<\/strong><br data-start=\"5639\" data-end=\"5642\" \/>Non si garantisce accesso continuo al Sito Web, n\u00e9 la corretta visualizzazione o download dei suoi contenuti, in quanto possono dipendere da fattori esterni. Non ci assumiamo responsabilit\u00e0 per le decisioni prese sulla base dei contenuti pubblicati.<\/p>\n<p data-start=\"5893\" data-end=\"6056\">Il servizio potr\u00e0 essere interrotto o la relazione con l\u2019Utente risolta in caso di uso improprio. Non siamo responsabili per danni derivanti dall\u2019uso del Sito Web.<\/p>\n<p data-start=\"6058\" data-end=\"6164\">Ci impegniamo solo a rimuovere contenuti dannosi dopo notifica. Non saremo responsabili, tra l\u2019altro, per:<\/p>\n<ol data-start=\"6166\" data-end=\"6336\">\n<li data-start=\"6166\" data-end=\"6210\">\n<p data-start=\"6169\" data-end=\"6210\">Guasti delle reti di telecomunicazione.<\/p>\n<\/li>\n<li data-start=\"6211\" data-end=\"6258\">\n<p data-start=\"6214\" data-end=\"6258\">Attacchi informatici con software maligni.<\/p>\n<\/li>\n<li data-start=\"6259\" data-end=\"6336\">\n<p data-start=\"6262\" data-end=\"6336\">Errori di navigazione causati da browser mal configurati o non aggiornati.<\/p>\n<\/li>\n<\/ol>\n<p data-start=\"6338\" data-end=\"6457\">L\u2019azienda declina ogni responsabilit\u00e0 per l\u2019uso improprio dei servizi gratuiti o dei contenuti ricevuti tramite moduli.<\/p>\n<p data-start=\"6459\" data-end=\"6695\">L\u2019Utente si impegna a manlevare l\u2019azienda da danni derivanti da reclami di terzi per l\u2019uso del Sito. Si impegna inoltre a risarcire danni derivanti da uso di bot, spider o tecnologie simili per raccogliere dati o sovraccaricare il Sito.<\/p>\n<p data-start=\"6697\" data-end=\"6836\"><strong data-start=\"6697\" data-end=\"6721\">7. LINK IPERTESTUALI<\/strong><br data-start=\"6721\" data-end=\"6724\" \/>L\u2019Utente non pu\u00f2 riprodurre il Sito Web n\u00e9 alcuno dei suoi contenuti tramite link, salvo autorizzazione scritta.<\/p>\n<p data-start=\"6838\" data-end=\"7004\">Il Sito Web pu\u00f2 contenere link a siti di terzi, per facilitare l\u2019accesso a informazioni di partner o sponsor. L\u2019azienda non \u00e8 responsabile dei contenuti di tali siti.<\/p>\n<p data-start=\"7006\" data-end=\"7158\">\u00c8 concesso all\u2019Utente un diritto limitato, revocabile e non esclusivo di creare link alla home page per uso privato e non commerciale, a condizione che:<\/p>\n<ul data-start=\"7160\" data-end=\"7354\">\n<li data-start=\"7160\" data-end=\"7204\">\n<p data-start=\"7162\" data-end=\"7204\">Non si falsi la relazione con l\u2019azienda.<\/p>\n<\/li>\n<li data-start=\"7205\" data-end=\"7257\">\n<p data-start=\"7207\" data-end=\"7257\">Non si includano contenuti offensivi o illegali.<\/p>\n<\/li>\n<li data-start=\"7258\" data-end=\"7294\">\n<p data-start=\"7260\" data-end=\"7294\">Si colleghi solo alla home page.<\/p>\n<\/li>\n<li data-start=\"7295\" data-end=\"7354\">\n<p data-start=\"7297\" data-end=\"7354\">Non si incorpori il Sito Web in frame o browser di terzi.<\/p>\n<\/li>\n<\/ul>\n<p data-start=\"7356\" data-end=\"7422\">L\u2019azienda pu\u00f2 chiedere in qualsiasi momento la rimozione del link.<\/p>\n<p data-start=\"7424\" data-end=\"7655\"><strong data-start=\"7424\" data-end=\"7450\">8. PROTEZIONE DEI DATI<\/strong><br data-start=\"7450\" data-end=\"7453\" \/>Per utilizzare alcuni servizi, l\u2019Utente deve fornire dati personali. L\u2019azienda li tratter\u00e0 in conformit\u00e0 al GDPR, LOPDGDD e LSSI. Per maggiori dettagli, si invita a consultare la Politica sulla Privacy.<\/p>\n<p data-start=\"7657\" data-end=\"7812\"><strong data-start=\"7657\" data-end=\"7670\">9. COOKIE<\/strong><br data-start=\"7670\" data-end=\"7673\" \/>L\u2019azienda si riserva il diritto di usare cookie per riconoscere l\u2019Utente e personalizzare l\u2019esperienza (lingua, contenuti preferiti, ecc.).<\/p>\n<p data-start=\"7814\" data-end=\"7954\">Le cookie possono raccogliere l\u2019indirizzo IP, e Google sar\u00e0 responsabile del trattamento. L\u2019Utente pu\u00f2 configurare il browser per bloccarle.<\/p>\n<p data-start=\"7956\" data-end=\"8106\">Grazie ai cookie, \u00e8 possibile riconoscere il browser per facilitare l\u2019esperienza, offrire contenuti personalizzati, e misurare traffico e interazioni.<\/p>\n<p data-start=\"8108\" data-end=\"8372\"><strong data-start=\"8108\" data-end=\"8140\">10. DICHIARAZIONI E GARANZIE<\/strong><br data-start=\"8140\" data-end=\"8143\" \/>I contenuti e servizi offerti hanno carattere puramente informativo. Non viene offerta alcuna garanzia, salvo quanto non escluso dalla legge, in merito a legalit\u00e0, affidabilit\u00e0, utilit\u00e0, veridicit\u00e0, accuratezza o commerciabilit\u00e0.<\/p>\n<p data-start=\"8374\" data-end=\"8605\"><strong data-start=\"8374\" data-end=\"8396\">11. FORZA MAGGIORE<\/strong><br data-start=\"8396\" data-end=\"8399\" \/>L\u2019azienda non sar\u00e0 responsabile in caso d\u2019impossibilit\u00e0 di fornire il servizio per cause di forza maggiore, come interruzioni elettriche, scioperi, disordini, esplosioni, inondazioni, atti governativi, ecc.<\/p>\n<p data-start=\"8607\" data-end=\"8812\"><strong data-start=\"8607\" data-end=\"8650\">12. LEGGE APPLICABILE E FORO COMPETENTE<\/strong><br data-start=\"8650\" data-end=\"8653\" \/>Le presenti Condizioni Generali d\u2019Uso sono regolate dalla legge spagnola. Per ogni controversia, le parti si sottomettono ai Tribunali della sede dell\u2019azienda.<\/p>\n<p data-start=\"8814\" data-end=\"9006\">Se una clausola fosse invalida o inapplicabile, le altre rimarranno in vigore. L\u2019azienda provveder\u00e0 a modificarla o sostituirla con una valida e applicabile che rispecchi l\u2019intento originario.<\/p>\n\t\t\t\t\t\t\t\t<\/div>\n\t\t\t\t<\/div>\n\t\t\t\t\t<\/div>\n\t\t\t\t<\/div>\n\t\t\t\t<\/div>\n\t\t","protected":false},"excerpt":{"rendered":"<p>Avviso Legale 2. OGGETTOAttraverso il Sito Web offriamo agli Utenti la possibilit\u00e0 di accedere alle informazioni sui nostri servizi. 3. PRIVACY E TRATTAMENTO DEI DATIQuando per accedere a determinati contenuti o servizi \u00e8 necessario fornire dati personali, gli Utenti garantiscono la veridicit\u00e0, l\u2019accuratezza, l\u2019autenticit\u00e0 e la validit\u00e0 di tali dati. L\u2019azienda tratter\u00e0 tali dati in [&hellip;]<\/p>\n","protected":false},"author":1,"featured_media":0,"parent":0,"menu_order":0,"comment_status":"closed","ping_status":"closed","template":"","meta":{"_joinchat":[],"footnotes":""},"class_list":["post-2938","page","type-page","status-publish","hentry"],"yoast_head":"<!-- This site is optimized with the Yoast SEO plugin v27.4 - https:\/\/yoast.com\/product\/yoast-seo-wordpress\/ -->\n<title>Aviso Legal | Real Rendering<\/title>\n<meta name=\"robots\" content=\"index, follow, max-snippet:-1, max-image-preview:large, max-video-preview:-1\" \/>\n<link rel=\"canonical\" href=\"https:\/\/realrendering.agency\/it\/aviso-legal\/\" \/>\n<meta property=\"og:locale\" content=\"it_IT\" \/>\n<meta property=\"og:type\" content=\"article\" \/>\n<meta property=\"og:title\" content=\"Aviso Legal | Real Rendering\" \/>\n<meta property=\"og:description\" content=\"Avviso Legale 2. OGGETTOAttraverso il Sito Web offriamo agli Utenti la possibilit\u00e0 di accedere alle informazioni sui nostri servizi. 3. PRIVACY E TRATTAMENTO DEI DATIQuando per accedere a determinati contenuti o servizi \u00e8 necessario fornire dati personali, gli Utenti garantiscono la veridicit\u00e0, l\u2019accuratezza, l\u2019autenticit\u00e0 e la validit\u00e0 di tali dati. L\u2019azienda tratter\u00e0 tali dati in [&hellip;]\" \/>\n<meta property=\"og:url\" content=\"https:\/\/realrendering.agency\/it\/aviso-legal\/\" \/>\n<meta property=\"og:site_name\" content=\"Real Rendering\" \/>\n<meta property=\"article:publisher\" content=\"https:\/\/www.facebook.com\/profile.php?id=100087096528075\" \/>\n<meta property=\"article:modified_time\" content=\"2025-08-08T11:12:06+00:00\" \/>\n<meta name=\"twitter:card\" content=\"summary_large_image\" \/>\n<script type=\"application\/ld+json\" class=\"yoast-schema-graph\">{\"@context\":\"https:\\\/\\\/schema.org\",\"@graph\":[{\"@type\":\"WebPage\",\"@id\":\"https:\\\/\\\/realrendering.agency\\\/it\\\/aviso-legal\\\/\",\"url\":\"https:\\\/\\\/realrendering.agency\\\/it\\\/aviso-legal\\\/\",\"name\":\"Aviso Legal | Real Rendering\",\"isPartOf\":{\"@id\":\"https:\\\/\\\/realrendering.agency\\\/it\\\/#website\"},\"datePublished\":\"2025-04-08T11:41:00+00:00\",\"dateModified\":\"2025-08-08T11:12:06+00:00\",\"breadcrumb\":{\"@id\":\"https:\\\/\\\/realrendering.agency\\\/it\\\/aviso-legal\\\/#breadcrumb\"},\"inLanguage\":\"it-IT\",\"potentialAction\":[{\"@type\":\"ReadAction\",\"target\":[\"https:\\\/\\\/realrendering.agency\\\/it\\\/aviso-legal\\\/\"]}]},{\"@type\":\"BreadcrumbList\",\"@id\":\"https:\\\/\\\/realrendering.agency\\\/it\\\/aviso-legal\\\/#breadcrumb\",\"itemListElement\":[{\"@type\":\"ListItem\",\"position\":1,\"name\":\"Portada\",\"item\":\"https:\\\/\\\/realrendering.agency\\\/it\\\/\"},{\"@type\":\"ListItem\",\"position\":2,\"name\":\"Aviso legal\"}]},{\"@type\":\"WebSite\",\"@id\":\"https:\\\/\\\/realrendering.agency\\\/it\\\/#website\",\"url\":\"https:\\\/\\\/realrendering.agency\\\/it\\\/\",\"name\":\"Real Rendering\",\"description\":\"\",\"publisher\":{\"@id\":\"https:\\\/\\\/realrendering.agency\\\/it\\\/#organization\"},\"potentialAction\":[{\"@type\":\"SearchAction\",\"target\":{\"@type\":\"EntryPoint\",\"urlTemplate\":\"https:\\\/\\\/realrendering.agency\\\/it\\\/?s={search_term_string}\"},\"query-input\":{\"@type\":\"PropertyValueSpecification\",\"valueRequired\":true,\"valueName\":\"search_term_string\"}}],\"inLanguage\":\"it-IT\"},{\"@type\":\"Organization\",\"@id\":\"https:\\\/\\\/realrendering.agency\\\/it\\\/#organization\",\"name\":\"Real Rendering\",\"url\":\"https:\\\/\\\/realrendering.agency\\\/it\\\/\",\"logo\":{\"@type\":\"ImageObject\",\"inLanguage\":\"it-IT\",\"@id\":\"https:\\\/\\\/realrendering.agency\\\/it\\\/#\\\/schema\\\/logo\\\/image\\\/\",\"url\":\"https:\\\/\\\/realrendering.agency\\\/wp-content\\\/uploads\\\/2025\\\/03\\\/Logo-en-blanco.png\",\"contentUrl\":\"https:\\\/\\\/realrendering.agency\\\/wp-content\\\/uploads\\\/2025\\\/03\\\/Logo-en-blanco.png\",\"width\":1598,\"height\":1132,\"caption\":\"Real Rendering\"},\"image\":{\"@id\":\"https:\\\/\\\/realrendering.agency\\\/it\\\/#\\\/schema\\\/logo\\\/image\\\/\"},\"sameAs\":[\"https:\\\/\\\/www.facebook.com\\\/profile.php?id=100087096528075\",\"https:\\\/\\\/www.linkedin.com\\\/company\\\/real-rendering-europe\\\/\"]}]}<\/script>\n<!-- \/ Yoast SEO plugin. -->","yoast_head_json":{"title":"Aviso Legal | Real Rendering","robots":{"index":"index","follow":"follow","max-snippet":"max-snippet:-1","max-image-preview":"max-image-preview:large","max-video-preview":"max-video-preview:-1"},"canonical":"https:\/\/realrendering.agency\/it\/aviso-legal\/","og_locale":"it_IT","og_type":"article","og_title":"Aviso Legal | Real Rendering","og_description":"Avviso Legale 2. OGGETTOAttraverso il Sito Web offriamo agli Utenti la possibilit\u00e0 di accedere alle informazioni sui nostri servizi. 3. PRIVACY E TRATTAMENTO DEI DATIQuando per accedere a determinati contenuti o servizi \u00e8 necessario fornire dati personali, gli Utenti garantiscono la veridicit\u00e0, l\u2019accuratezza, l\u2019autenticit\u00e0 e la validit\u00e0 di tali dati. L\u2019azienda tratter\u00e0 tali dati in [&hellip;]","og_url":"https:\/\/realrendering.agency\/it\/aviso-legal\/","og_site_name":"Real Rendering","article_publisher":"https:\/\/www.facebook.com\/profile.php?id=100087096528075","article_modified_time":"2025-08-08T11:12:06+00:00","twitter_card":"summary_large_image","schema":{"@context":"https:\/\/schema.org","@graph":[{"@type":"WebPage","@id":"https:\/\/realrendering.agency\/it\/aviso-legal\/","url":"https:\/\/realrendering.agency\/it\/aviso-legal\/","name":"Aviso Legal | Real Rendering","isPartOf":{"@id":"https:\/\/realrendering.agency\/it\/#website"},"datePublished":"2025-04-08T11:41:00+00:00","dateModified":"2025-08-08T11:12:06+00:00","breadcrumb":{"@id":"https:\/\/realrendering.agency\/it\/aviso-legal\/#breadcrumb"},"inLanguage":"it-IT","potentialAction":[{"@type":"ReadAction","target":["https:\/\/realrendering.agency\/it\/aviso-legal\/"]}]},{"@type":"BreadcrumbList","@id":"https:\/\/realrendering.agency\/it\/aviso-legal\/#breadcrumb","itemListElement":[{"@type":"ListItem","position":1,"name":"Portada","item":"https:\/\/realrendering.agency\/it\/"},{"@type":"ListItem","position":2,"name":"Aviso legal"}]},{"@type":"WebSite","@id":"https:\/\/realrendering.agency\/it\/#website","url":"https:\/\/realrendering.agency\/it\/","name":"Real Rendering","description":"","publisher":{"@id":"https:\/\/realrendering.agency\/it\/#organization"},"potentialAction":[{"@type":"SearchAction","target":{"@type":"EntryPoint","urlTemplate":"https:\/\/realrendering.agency\/it\/?s={search_term_string}"},"query-input":{"@type":"PropertyValueSpecification","valueRequired":true,"valueName":"search_term_string"}}],"inLanguage":"it-IT"},{"@type":"Organization","@id":"https:\/\/realrendering.agency\/it\/#organization","name":"Real Rendering","url":"https:\/\/realrendering.agency\/it\/","logo":{"@type":"ImageObject","inLanguage":"it-IT","@id":"https:\/\/realrendering.agency\/it\/#\/schema\/logo\/image\/","url":"https:\/\/realrendering.agency\/wp-content\/uploads\/2025\/03\/Logo-en-blanco.png","contentUrl":"https:\/\/realrendering.agency\/wp-content\/uploads\/2025\/03\/Logo-en-blanco.png","width":1598,"height":1132,"caption":"Real Rendering"},"image":{"@id":"https:\/\/realrendering.agency\/it\/#\/schema\/logo\/image\/"},"sameAs":["https:\/\/www.facebook.com\/profile.php?id=100087096528075","https:\/\/www.linkedin.com\/company\/real-rendering-europe\/"]}]}},"_links":{"self":[{"href":"https:\/\/realrendering.agency\/it\/wp-json\/wp\/v2\/pages\/2938","targetHints":{"allow":["GET"]}}],"collection":[{"href":"https:\/\/realrendering.agency\/it\/wp-json\/wp\/v2\/pages"}],"about":[{"href":"https:\/\/realrendering.agency\/it\/wp-json\/wp\/v2\/types\/page"}],"author":[{"embeddable":true,"href":"https:\/\/realrendering.agency\/it\/wp-json\/wp\/v2\/users\/1"}],"replies":[{"embeddable":true,"href":"https:\/\/realrendering.agency\/it\/wp-json\/wp\/v2\/comments?post=2938"}],"version-history":[{"count":3,"href":"https:\/\/realrendering.agency\/it\/wp-json\/wp\/v2\/pages\/2938\/revisions"}],"predecessor-version":[{"id":2945,"href":"https:\/\/realrendering.agency\/it\/wp-json\/wp\/v2\/pages\/2938\/revisions\/2945"}],"wp:attachment":[{"href":"https:\/\/realrendering.agency\/it\/wp-json\/wp\/v2\/media?parent=2938"}],"curies":[{"name":"wp","href":"https:\/\/api.w.org\/{rel}","templated":true}]}}