{"id":2922,"date":"2025-04-08T11:41:31","date_gmt":"2025-04-08T11:41:31","guid":{"rendered":"https:\/\/realrendering.agency\/informativa-sulla-privacy\/"},"modified":"2025-08-08T10:55:34","modified_gmt":"2025-08-08T10:55:34","slug":"informativa-sulla-privacy","status":"publish","type":"page","link":"https:\/\/realrendering.agency\/it\/informativa-sulla-privacy\/","title":{"rendered":"Informativa sulla privacy"},"content":{"rendered":"\t\t<div data-elementor-type=\"wp-page\" data-elementor-id=\"2922\" class=\"elementor elementor-2922 elementor-534\" data-elementor-post-type=\"page\">\n\t\t\t\t<div class=\"elementor-element elementor-element-56973359 e-flex e-con-boxed e-con e-parent\" data-id=\"56973359\" data-element_type=\"container\" data-e-type=\"container\">\n\t\t\t\t\t<div class=\"e-con-inner\">\n\t\t\t\t<div class=\"elementor-element elementor-element-2275fad elementor-widget elementor-widget-text-editor\" data-id=\"2275fad\" data-element_type=\"widget\" data-e-type=\"widget\" data-widget_type=\"text-editor.default\">\n\t\t\t\t<div class=\"elementor-widget-container\">\n\t\t\t\t\t\t\t\t\t\n<h6 class=\"wp-block-heading\">Informativa sulla privacy<\/h6>\n\n\n\n<p>La presente Informativa sulla privacy stabilisce i termini in base ai quali REAL RENDERING Europe utilizza e protegge le informazioni fornite dai suoi utenti durante l&#8217;utilizzo del suo sito web. Questa azienda si impegna per la sicurezza dei dati dei suoi utenti. Quando ti chiediamo di compilare i campi delle informazioni personali con cui puoi essere identificato, lo facciamo assicurandoci che verranno utilizzate solo in conformit\u00e0 con i termini di questo documento. Tuttavia, la presente Informativa sulla privacy pu\u00f2 cambiare nel tempo o essere aggiornata, pertanto si consiglia e si sottolinea che si consiglia di rivedere continuamente questa pagina per assicurarsi di accettare tali modifiche.   <\/p>\n\n\n\n<p>\u200d<\/p>\n\n\n\n<h6 class=\"wp-block-heading\">Controllo delle tue informazioni personali<\/h6>\n\n\n\n<p>In qualsiasi momento \u00e8 possibile limitare la raccolta o l&#8217;uso delle informazioni personali fornite al nostro sito web.  &nbsp;Ogni volta che ti viene chiesto di compilare un modulo, come un modulo di registrazione utente, puoi selezionare o deselezionare l&#8217;opzione per ricevere informazioni via e-mail.  &nbsp;Se hai scelto di ricevere la nostra newsletter o pubblicit\u00e0, puoi annullare l&#8217;iscrizione in qualsiasi momento.<\/p>\n\n\n\n<p>Questa societ\u00e0 non vender\u00e0, ceder\u00e0 o distribuir\u00e0 informazioni personali raccolte senza il consenso dell&#8217;utente, a meno che non sia richiesto da un giudice con un&#8217;ordinanza del tribunale.<\/p>\n\n\n\n<p>REAL RENDERING Europe si riserva il diritto di modificare i termini della presente Informativa sulla privacy in qualsiasi momento.<\/p>\n\n\n\n<p>La presente informativa sulla privacy \u00e8 stata redatta nel politicadeprivacidadplantilla.com.<\/p>\n\n\n\n<p>\u200d<\/p>\n\n\n\n<h6 class=\"wp-block-heading\">Utilizzo delle informazioni raccolte<\/h6>\n\n\n\n<p>Il nostro sito web utilizza le informazioni al fine di fornire il miglior servizio possibile, in particolare per mantenere un registro degli utenti, degli ordini se applicabile, e per migliorare i nostri prodotti e servizi.  &nbsp;Le e-mail possono essere inviate periodicamente attraverso il nostro sito con offerte speciali, nuovi prodotti e altre informazioni pubblicitarie che riteniamo rilevanti per te o che potrebbero fornirti alcun vantaggio, queste e-mail verranno inviate all&#8217;indirizzo fornito e possono essere annullate in qualsiasi momento.<\/p>\n\n\n\n<p>REAL RENDERING Europe \u00e8 fortemente impegnata a rispettare l&#8217;impegno di mantenere le tue informazioni al sicuro. Utilizziamo i sistemi pi\u00f9 avanzati e li aggiorniamo costantemente per garantire che non ci siano accessi non autorizzati. <\/p>\n\n\n\n<h6 class=\"wp-block-heading\">Collegamenti a terze parti<\/h6>\n\n\n\n<p>Questo sito Web pu\u00f2 contenere collegamenti ad altri siti che potrebbero essere di interesse per l&#8217;utente. Una volta che fai clic su questi link e lasci il nostro sito, non abbiamo pi\u00f9 il controllo sul sito a cui vieni reindirizzato e quindi non siamo responsabili per i termini o la privacy o la protezione dei tuoi dati su tali altri siti di terze parti. Questi siti sono soggetti alle proprie politiche sulla privacy, quindi potresti voler controllarli per confermare che li accetti.  <\/p>\n\n\n\n<h6 class=\"wp-block-heading\">Informazioni raccolte<\/h6>\n\n\n\n<p>Il nostro sito Web pu\u00f2 raccogliere informazioni personali quali: nome, informazioni di contatto come l&#8217;indirizzo e-mail e informazioni demografiche. Allo stesso modo, quando necessario, potrebbero essere richieste informazioni specifiche per elaborare un ordine o effettuare una consegna o una fatturazione. <\/p>\n\n\n\n<h6 class=\"wp-block-heading\">Biscotti<\/h6>\n\n\n\n<p>Un cookie si riferisce a un file che viene inviato per richiedere l&#8217;autorizzazione per essere memorizzato sul tuo computer, quando accetti questo file viene creato e il cookie serve quindi ad avere informazioni sul traffico web e facilita anche le visite future a un sito Web ricorrente. Un&#8217;altra funzione dei cookie \u00e8 che con essi i siti Web possono riconoscerti individualmente e quindi fornirti il miglior servizio personalizzato sul loro sito Web. <\/p>\n\n\n\n<p>Il nostro sito web utilizza i cookie per poter identificare le pagine che vengono visitate e la loro frequenza. Queste informazioni vengono utilizzate solo per l&#8217;analisi statistica e quindi vengono eliminate definitivamente. Puoi eliminare i cookie in qualsiasi momento dal tuo computer. Sebbene i cookie aiutino a fornire un servizio migliore ai siti Web, non consentono l&#8217;accesso alle informazioni dal computer dell&#8217;utente o dall&#8217;utente, a meno che l&#8217;utente non voglia farlo e fornirle direttamente all&#8217;utente. \u00c8 possibile accettare o rifiutare l&#8217;uso dei cookie, tuttavia la maggior parte dei browser accetta automaticamente i cookie in quanto servono a fornire un servizio web migliore. Puoi anche modificare le impostazioni del tuo computer per rifiutare i cookie. Se l&#8217;utente rifiuta, potrebbe non essere in grado di utilizzare alcuni dei nostri servizi.      <\/p>\n\t\t\t\t\t\t\t\t<\/div>\n\t\t\t\t<\/div>\n\t\t\t\t\t<\/div>\n\t\t\t\t<\/div>\n\t\t\t\t<\/div>\n\t\t","protected":false},"excerpt":{"rendered":"<p>Informativa sulla privacy La presente Informativa sulla privacy stabilisce i termini in base ai quali REAL RENDERING Europe utilizza e protegge le informazioni fornite dai suoi utenti durante l&#8217;utilizzo del suo sito web. Questa azienda si impegna per la sicurezza dei dati dei suoi utenti. Quando ti chiediamo di compilare i campi delle informazioni personali [&hellip;]<\/p>\n","protected":false},"author":1,"featured_media":0,"parent":0,"menu_order":0,"comment_status":"closed","ping_status":"closed","template":"","meta":{"_joinchat":[],"footnotes":""},"class_list":["post-2922","page","type-page","status-publish","hentry"],"yoast_head":"<!-- This site is optimized with the Yoast SEO plugin v27.4 - https:\/\/yoast.com\/product\/yoast-seo-wordpress\/ -->\n<title>Informativa sulla privacy | Rendering reale<\/title>\n<meta name=\"robots\" content=\"index, follow, max-snippet:-1, max-image-preview:large, max-video-preview:-1\" \/>\n<link rel=\"canonical\" href=\"https:\/\/realrendering.agency\/it\/informativa-sulla-privacy\/\" \/>\n<meta property=\"og:locale\" content=\"it_IT\" \/>\n<meta property=\"og:type\" content=\"article\" \/>\n<meta property=\"og:title\" content=\"Informativa sulla privacy | Rendering reale\" \/>\n<meta property=\"og:description\" content=\"Informativa sulla privacy La presente Informativa sulla privacy stabilisce i termini in base ai quali REAL RENDERING Europe utilizza e protegge le informazioni fornite dai suoi utenti durante l&#8217;utilizzo del suo sito web. Questa azienda si impegna per la sicurezza dei dati dei suoi utenti. Quando ti chiediamo di compilare i campi delle informazioni personali [&hellip;]\" \/>\n<meta property=\"og:url\" content=\"https:\/\/realrendering.agency\/it\/informativa-sulla-privacy\/\" \/>\n<meta property=\"og:site_name\" content=\"Real Rendering\" \/>\n<meta property=\"article:publisher\" content=\"https:\/\/www.facebook.com\/profile.php?id=100087096528075\" \/>\n<meta property=\"article:modified_time\" content=\"2025-08-08T10:55:34+00:00\" \/>\n<meta name=\"twitter:card\" content=\"summary_large_image\" \/>\n<script type=\"application\/ld+json\" class=\"yoast-schema-graph\">{\"@context\":\"https:\\\/\\\/schema.org\",\"@graph\":[{\"@type\":\"WebPage\",\"@id\":\"https:\\\/\\\/realrendering.agency\\\/it\\\/informativa-sulla-privacy\\\/\",\"url\":\"https:\\\/\\\/realrendering.agency\\\/it\\\/informativa-sulla-privacy\\\/\",\"name\":\"Informativa sulla privacy | Rendering reale\",\"isPartOf\":{\"@id\":\"https:\\\/\\\/realrendering.agency\\\/it\\\/#website\"},\"datePublished\":\"2025-04-08T11:41:31+00:00\",\"dateModified\":\"2025-08-08T10:55:34+00:00\",\"breadcrumb\":{\"@id\":\"https:\\\/\\\/realrendering.agency\\\/it\\\/informativa-sulla-privacy\\\/#breadcrumb\"},\"inLanguage\":\"it-IT\",\"potentialAction\":[{\"@type\":\"ReadAction\",\"target\":[\"https:\\\/\\\/realrendering.agency\\\/it\\\/informativa-sulla-privacy\\\/\"]}]},{\"@type\":\"BreadcrumbList\",\"@id\":\"https:\\\/\\\/realrendering.agency\\\/it\\\/informativa-sulla-privacy\\\/#breadcrumb\",\"itemListElement\":[{\"@type\":\"ListItem\",\"position\":1,\"name\":\"Portada\",\"item\":\"https:\\\/\\\/realrendering.agency\\\/it\\\/\"},{\"@type\":\"ListItem\",\"position\":2,\"name\":\"Informativa sulla privacy\"}]},{\"@type\":\"WebSite\",\"@id\":\"https:\\\/\\\/realrendering.agency\\\/it\\\/#website\",\"url\":\"https:\\\/\\\/realrendering.agency\\\/it\\\/\",\"name\":\"Real Rendering\",\"description\":\"\",\"publisher\":{\"@id\":\"https:\\\/\\\/realrendering.agency\\\/it\\\/#organization\"},\"potentialAction\":[{\"@type\":\"SearchAction\",\"target\":{\"@type\":\"EntryPoint\",\"urlTemplate\":\"https:\\\/\\\/realrendering.agency\\\/it\\\/?s={search_term_string}\"},\"query-input\":{\"@type\":\"PropertyValueSpecification\",\"valueRequired\":true,\"valueName\":\"search_term_string\"}}],\"inLanguage\":\"it-IT\"},{\"@type\":\"Organization\",\"@id\":\"https:\\\/\\\/realrendering.agency\\\/it\\\/#organization\",\"name\":\"Real Rendering\",\"url\":\"https:\\\/\\\/realrendering.agency\\\/it\\\/\",\"logo\":{\"@type\":\"ImageObject\",\"inLanguage\":\"it-IT\",\"@id\":\"https:\\\/\\\/realrendering.agency\\\/it\\\/#\\\/schema\\\/logo\\\/image\\\/\",\"url\":\"https:\\\/\\\/realrendering.agency\\\/wp-content\\\/uploads\\\/2025\\\/03\\\/Logo-en-blanco.png\",\"contentUrl\":\"https:\\\/\\\/realrendering.agency\\\/wp-content\\\/uploads\\\/2025\\\/03\\\/Logo-en-blanco.png\",\"width\":1598,\"height\":1132,\"caption\":\"Real Rendering\"},\"image\":{\"@id\":\"https:\\\/\\\/realrendering.agency\\\/it\\\/#\\\/schema\\\/logo\\\/image\\\/\"},\"sameAs\":[\"https:\\\/\\\/www.facebook.com\\\/profile.php?id=100087096528075\",\"https:\\\/\\\/www.linkedin.com\\\/company\\\/real-rendering-europe\\\/\"]}]}<\/script>\n<!-- \/ Yoast SEO plugin. -->","yoast_head_json":{"title":"Informativa sulla privacy | Rendering reale","robots":{"index":"index","follow":"follow","max-snippet":"max-snippet:-1","max-image-preview":"max-image-preview:large","max-video-preview":"max-video-preview:-1"},"canonical":"https:\/\/realrendering.agency\/it\/informativa-sulla-privacy\/","og_locale":"it_IT","og_type":"article","og_title":"Informativa sulla privacy | Rendering reale","og_description":"Informativa sulla privacy La presente Informativa sulla privacy stabilisce i termini in base ai quali REAL RENDERING Europe utilizza e protegge le informazioni fornite dai suoi utenti durante l&#8217;utilizzo del suo sito web. Questa azienda si impegna per la sicurezza dei dati dei suoi utenti. Quando ti chiediamo di compilare i campi delle informazioni personali [&hellip;]","og_url":"https:\/\/realrendering.agency\/it\/informativa-sulla-privacy\/","og_site_name":"Real Rendering","article_publisher":"https:\/\/www.facebook.com\/profile.php?id=100087096528075","article_modified_time":"2025-08-08T10:55:34+00:00","twitter_card":"summary_large_image","schema":{"@context":"https:\/\/schema.org","@graph":[{"@type":"WebPage","@id":"https:\/\/realrendering.agency\/it\/informativa-sulla-privacy\/","url":"https:\/\/realrendering.agency\/it\/informativa-sulla-privacy\/","name":"Informativa sulla privacy | Rendering reale","isPartOf":{"@id":"https:\/\/realrendering.agency\/it\/#website"},"datePublished":"2025-04-08T11:41:31+00:00","dateModified":"2025-08-08T10:55:34+00:00","breadcrumb":{"@id":"https:\/\/realrendering.agency\/it\/informativa-sulla-privacy\/#breadcrumb"},"inLanguage":"it-IT","potentialAction":[{"@type":"ReadAction","target":["https:\/\/realrendering.agency\/it\/informativa-sulla-privacy\/"]}]},{"@type":"BreadcrumbList","@id":"https:\/\/realrendering.agency\/it\/informativa-sulla-privacy\/#breadcrumb","itemListElement":[{"@type":"ListItem","position":1,"name":"Portada","item":"https:\/\/realrendering.agency\/it\/"},{"@type":"ListItem","position":2,"name":"Informativa sulla privacy"}]},{"@type":"WebSite","@id":"https:\/\/realrendering.agency\/it\/#website","url":"https:\/\/realrendering.agency\/it\/","name":"Real Rendering","description":"","publisher":{"@id":"https:\/\/realrendering.agency\/it\/#organization"},"potentialAction":[{"@type":"SearchAction","target":{"@type":"EntryPoint","urlTemplate":"https:\/\/realrendering.agency\/it\/?s={search_term_string}"},"query-input":{"@type":"PropertyValueSpecification","valueRequired":true,"valueName":"search_term_string"}}],"inLanguage":"it-IT"},{"@type":"Organization","@id":"https:\/\/realrendering.agency\/it\/#organization","name":"Real Rendering","url":"https:\/\/realrendering.agency\/it\/","logo":{"@type":"ImageObject","inLanguage":"it-IT","@id":"https:\/\/realrendering.agency\/it\/#\/schema\/logo\/image\/","url":"https:\/\/realrendering.agency\/wp-content\/uploads\/2025\/03\/Logo-en-blanco.png","contentUrl":"https:\/\/realrendering.agency\/wp-content\/uploads\/2025\/03\/Logo-en-blanco.png","width":1598,"height":1132,"caption":"Real Rendering"},"image":{"@id":"https:\/\/realrendering.agency\/it\/#\/schema\/logo\/image\/"},"sameAs":["https:\/\/www.facebook.com\/profile.php?id=100087096528075","https:\/\/www.linkedin.com\/company\/real-rendering-europe\/"]}]}},"_links":{"self":[{"href":"https:\/\/realrendering.agency\/it\/wp-json\/wp\/v2\/pages\/2922","targetHints":{"allow":["GET"]}}],"collection":[{"href":"https:\/\/realrendering.agency\/it\/wp-json\/wp\/v2\/pages"}],"about":[{"href":"https:\/\/realrendering.agency\/it\/wp-json\/wp\/v2\/types\/page"}],"author":[{"embeddable":true,"href":"https:\/\/realrendering.agency\/it\/wp-json\/wp\/v2\/users\/1"}],"replies":[{"embeddable":true,"href":"https:\/\/realrendering.agency\/it\/wp-json\/wp\/v2\/comments?post=2922"}],"version-history":[{"count":5,"href":"https:\/\/realrendering.agency\/it\/wp-json\/wp\/v2\/pages\/2922\/revisions"}],"predecessor-version":[{"id":2929,"href":"https:\/\/realrendering.agency\/it\/wp-json\/wp\/v2\/pages\/2922\/revisions\/2929"}],"wp:attachment":[{"href":"https:\/\/realrendering.agency\/it\/wp-json\/wp\/v2\/media?parent=2922"}],"curies":[{"name":"wp","href":"https:\/\/api.w.org\/{rel}","templated":true}]}}