{"id":2908,"date":"2025-04-08T11:41:46","date_gmt":"2025-04-08T11:41:46","guid":{"rendered":"https:\/\/realrendering.agency\/politica-sui-cookie\/"},"modified":"2026-02-23T15:03:24","modified_gmt":"2026-02-23T15:03:24","slug":"politica-sui-cookie","status":"publish","type":"page","link":"https:\/\/realrendering.agency\/it\/politica-sui-cookie\/","title":{"rendered":"Politica sui cookie"},"content":{"rendered":"\t\t<div data-elementor-type=\"wp-page\" data-elementor-id=\"2908\" class=\"elementor elementor-2908 elementor-536\" data-elementor-post-type=\"page\">\n\t\t\t\t<div class=\"elementor-element elementor-element-5d20c1f9 e-flex e-con-boxed e-con e-parent\" data-id=\"5d20c1f9\" data-element_type=\"container\" data-e-type=\"container\">\n\t\t\t\t\t<div class=\"e-con-inner\">\n\t\t\t\t<div class=\"elementor-element elementor-element-580548a6 elementor-widget elementor-widget-text-editor\" data-id=\"580548a6\" data-element_type=\"widget\" data-e-type=\"widget\" data-widget_type=\"text-editor.default\">\n\t\t\t\t<div class=\"elementor-widget-container\">\n\t\t\t\t\t\t\t\t\t<h1 class=\"wp-block-heading\">Cookie dei social media<\/h1><p>Rendering and Visualization incorpora plug-in di social network, che consentono l&#8217;accesso ad essi dal sito Web. Per questo motivo, i cookie dei social media possono essere memorizzati nel browser dell&#8217;Utente. I proprietari di questi social network hanno le proprie politiche di protezione dei dati e dei cookie e, in ogni caso, sono responsabili dei propri file e delle proprie pratiche sulla privacy. L&#8217;Utente deve fare riferimento ad essi per conoscere questi cookie e, se del caso, il trattamento dei propri dati personali. A titolo meramente informativo, si riportano di seguito i link dove \u00e8 possibile consultare le presenti privacy policy e\/o cookie policy:<\/p><ul class=\"wp-block-list\"><li>Facebook: <a href=\"https:\/\/www.facebook.com\/policies\/cookies\/\">https:\/\/www.facebook.com\/policies\/cookies\/<\/a><\/li><li>Twitter: <a href=\"https:\/\/twitter.com\/es\/privacy\">https:\/\/twitter.com\/es\/privacy<\/a><\/li><li>Instagram: <a href=\"https:\/\/help.instagram.com\/1896641480634370?ref=ig\">https:\/\/help.instagram.com\/1896641480634370?ref=ig<\/a><\/li><li>YouTube: <a href=\"https:\/\/policies.google.com\/privacy?hl=es-419&amp;gl=mx\">https:\/\/policies.google.com\/privacy?hl=es-419&amp;gl=mx<\/a><\/li><li>Pinterest: <a href=\"https:\/\/policy.pinterest.com\/es\/privacy-policy\">https:\/\/policy.pinterest.com\/es\/privacy-policy<\/a><\/li><\/ul><p>LinkedIn: <a href=\"https:\/\/www.linkedin.com\/legal\/cookie-policy?trk=hp-cookies\">https:\/\/www.linkedin.com\/legal\/cookie-policy?trk=hp-cookies<\/a><\/p><p>\u00a0<\/p><h2 class=\"wp-block-heading\">www.realrendering.com<\/h2><p>L&#8217;accesso a questo sito Web pu\u00f2 comportare l&#8217;uso di cookie. I cookie sono piccole quantit\u00e0 di informazioni che vengono memorizzate nel browser utilizzato da ciascun Utente \u2013 sui diversi dispositivi che possono essere utilizzati per navigare \u2013 in modo che il server ricordi alcune informazioni che verranno successivamente lette solo dal server che le ha implementate. I cookie rendono la navigazione pi\u00f9 facile, pi\u00f9 amichevole e non danneggiano il tuo dispositivo di navigazione.<\/p><p>I cookie sono procedure automatiche per la raccolta di informazioni relative alle preferenze determinate dall&#8217;Utente durante la sua visita al Sito Web al fine di riconoscerlo come Utente e di personalizzare la sua esperienza e l&#8217;utilizzo del Sito Web e possono anche, ad esempio, aiutare a identificare e risolvere errori.<\/p><p>Le informazioni raccolte attraverso i cookie possono includere la data e l&#8217;ora delle visite al sito Web, le pagine visualizzate, il tempo trascorso sul sito Web e i siti visitati immediatamente prima e dopo il sito Web. Tuttavia, nessun cookie consente di contattarlo con il numero di telefono dell&#8217;Utente o con qualsiasi altro mezzo di contatto personale. Nessun cookie pu\u00f2 estrarre informazioni dal disco rigido dell&#8217;Utente o rubare informazioni personali. L&#8217;unico modo per far s\u00ec che le informazioni private dell&#8217;Utente facciano parte del file Cookie \u00e8 che l&#8217;Utente fornisca personalmente tali informazioni al server.<\/p><p>I cookie che consentono di identificare una persona sono considerati dati personali. Pertanto, a loro si applicher\u00e0 l&#8217;Informativa sulla privacy sopra descritta. In tal senso, per l&#8217;utilizzo degli stessi sar\u00e0 richiesto il consenso dell&#8217;Utente. Tale consenso sar\u00e0 comunicato, sulla base di una scelta autentica, offerta da una decisione affermativa e positiva, prima del trattamento iniziale, revocabile e documentato.<\/p><p>\u00a0<\/p><h2 class=\"wp-block-heading\">Cookie di terze parti<\/h2><p>Si tratta di cookie utilizzati e gestiti da soggetti esterni che forniscono a Rendering e Visualizzazione servizi da essa richiesti per migliorare il Sito e l&#8217;esperienza dell&#8217;utente durante la navigazione sul Sito. Gli obiettivi principali per i quali vengono utilizzati i cookie di terze parti sono l&#8217;ottenimento di statistiche di accesso e l&#8217;analisi delle informazioni di navigazione, ovvero di come l&#8217;Utente interagisce con il Sito.<\/p><p>Le informazioni ottenute si riferiscono, ad esempio, al numero di pagine visitate, alla lingua, al luogo in cui si trova l&#8217;indirizzo IP da cui l&#8217;Utente accede, al numero di Utenti che accedono, alla frequenza e alla ricorrenza delle visite, all&#8217;orario della visita, al browser che utilizzano, all&#8217;operatore o al tipo di dispositivo da cui viene effettuata la visita. Queste informazioni vengono utilizzate per migliorare il Sito Web e rilevare nuove esigenze per offrire agli Utenti Contenuti e\/o servizi di qualit\u00e0 ottimale. In ogni caso, le informazioni sono raccolte in forma anonima e vengono redatti report sulle tendenze del Sito Web senza identificare i singoli utenti.<\/p><p>\u00c8 possibile ottenere maggiori informazioni sui cookie, informazioni sulla privacy, o consultare la descrizione del tipo di cookie utilizzati, le loro caratteristiche principali, il periodo di scadenza, ecc. ai seguenti link:<\/p><p>\u200d<\/p><p>Analisi di Google<\/p><p>L&#8217;entit\u00e0 o le entit\u00e0 incaricate di fornire i cookie possono trasferire queste informazioni a terzi, a condizione che ci\u00f2 sia richiesto dalla legge o che una terza parte elabori queste informazioni per tali entit\u00e0.<\/p><p>\u00a0<\/p><h2 class=\"wp-block-heading\">Disabilitazione, rifiuto ed eliminazione dei cookie<\/h2><p>L&#8217;Utente pu\u00f2 disabilitare, rifiutare e cancellare i cookie \u2013 in tutto o in parte \u2013 installati sul proprio dispositivo attraverso le impostazioni del proprio browser (tra cui, ad esempio, Chrome, Firefox, Safari, Explorer). A questo proposito, le procedure per rifiutare ed eliminare i cookie possono differire da un browser Internet all&#8217;altro. Di conseguenza, l&#8217;Utente deve fare riferimento alle istruzioni fornite dal browser Internet che sta utilizzando. Nel caso in cui l&#8217;utente rifiuti l&#8217;uso dei cookie \u2013 in tutto o in parte \u2013 potr\u00e0 continuare a utilizzare il Sito, anche se potrebbe essere limitato nell&#8217;utilizzo di alcune delle sue funzionalit\u00e0.<\/p><p>Questo documento sulla politica sui cookie \u00e8 stato creato utilizzando il generatore <a href=\"https:\/\/textos-legales.edgartamarit.com\/\">di modelli di politica sui cookie online gratuito<\/a> il 28\/03\/2023.<\/p>\t\t\t\t\t\t\t\t<\/div>\n\t\t\t\t<\/div>\n\t\t\t\t\t<\/div>\n\t\t\t\t<\/div>\n\t\t\t\t<\/div>\n\t\t","protected":false},"excerpt":{"rendered":"<p>Cookie dei social media Rendering and Visualization incorpora plug-in di social network, che consentono l&#8217;accesso ad essi dal sito Web. Per questo motivo, i cookie dei social media possono essere memorizzati nel browser dell&#8217;Utente. I proprietari di questi social network hanno le proprie politiche di protezione dei dati e dei cookie e, in ogni caso, [&hellip;]<\/p>\n","protected":false},"author":1,"featured_media":0,"parent":0,"menu_order":0,"comment_status":"closed","ping_status":"closed","template":"","meta":{"_joinchat":[],"footnotes":""},"class_list":["post-2908","page","type-page","status-publish","hentry"],"yoast_head":"<!-- This site is optimized with the Yoast SEO plugin v27.4 - https:\/\/yoast.com\/product\/yoast-seo-wordpress\/ -->\n<title>Politica sui cookie | Rendering reale<\/title>\n<meta name=\"robots\" content=\"index, follow, max-snippet:-1, max-image-preview:large, max-video-preview:-1\" \/>\n<link rel=\"canonical\" href=\"https:\/\/realrendering.agency\/it\/politica-sui-cookie\/\" \/>\n<meta property=\"og:locale\" content=\"it_IT\" \/>\n<meta property=\"og:type\" content=\"article\" \/>\n<meta property=\"og:title\" content=\"Politica sui cookie | Rendering reale\" \/>\n<meta property=\"og:description\" content=\"Cookie dei social media Rendering and Visualization incorpora plug-in di social network, che consentono l&#8217;accesso ad essi dal sito Web. Per questo motivo, i cookie dei social media possono essere memorizzati nel browser dell&#8217;Utente. I proprietari di questi social network hanno le proprie politiche di protezione dei dati e dei cookie e, in ogni caso, [&hellip;]\" \/>\n<meta property=\"og:url\" content=\"https:\/\/realrendering.agency\/it\/politica-sui-cookie\/\" \/>\n<meta property=\"og:site_name\" content=\"Real Rendering\" \/>\n<meta property=\"article:publisher\" content=\"https:\/\/www.facebook.com\/profile.php?id=100087096528075\" \/>\n<meta property=\"article:modified_time\" content=\"2026-02-23T15:03:24+00:00\" \/>\n<meta name=\"twitter:card\" content=\"summary_large_image\" \/>\n<script type=\"application\/ld+json\" class=\"yoast-schema-graph\">{\"@context\":\"https:\\\/\\\/schema.org\",\"@graph\":[{\"@type\":\"WebPage\",\"@id\":\"https:\\\/\\\/realrendering.agency\\\/it\\\/politica-sui-cookie\\\/\",\"url\":\"https:\\\/\\\/realrendering.agency\\\/it\\\/politica-sui-cookie\\\/\",\"name\":\"Politica sui cookie | Rendering reale\",\"isPartOf\":{\"@id\":\"https:\\\/\\\/realrendering.agency\\\/it\\\/#website\"},\"datePublished\":\"2025-04-08T11:41:46+00:00\",\"dateModified\":\"2026-02-23T15:03:24+00:00\",\"breadcrumb\":{\"@id\":\"https:\\\/\\\/realrendering.agency\\\/it\\\/politica-sui-cookie\\\/#breadcrumb\"},\"inLanguage\":\"it-IT\",\"potentialAction\":[{\"@type\":\"ReadAction\",\"target\":[\"https:\\\/\\\/realrendering.agency\\\/it\\\/politica-sui-cookie\\\/\"]}]},{\"@type\":\"BreadcrumbList\",\"@id\":\"https:\\\/\\\/realrendering.agency\\\/it\\\/politica-sui-cookie\\\/#breadcrumb\",\"itemListElement\":[{\"@type\":\"ListItem\",\"position\":1,\"name\":\"Portada\",\"item\":\"https:\\\/\\\/realrendering.agency\\\/it\\\/\"},{\"@type\":\"ListItem\",\"position\":2,\"name\":\"Politica sui cookie\"}]},{\"@type\":\"WebSite\",\"@id\":\"https:\\\/\\\/realrendering.agency\\\/it\\\/#website\",\"url\":\"https:\\\/\\\/realrendering.agency\\\/it\\\/\",\"name\":\"Real Rendering\",\"description\":\"\",\"publisher\":{\"@id\":\"https:\\\/\\\/realrendering.agency\\\/it\\\/#organization\"},\"potentialAction\":[{\"@type\":\"SearchAction\",\"target\":{\"@type\":\"EntryPoint\",\"urlTemplate\":\"https:\\\/\\\/realrendering.agency\\\/it\\\/?s={search_term_string}\"},\"query-input\":{\"@type\":\"PropertyValueSpecification\",\"valueRequired\":true,\"valueName\":\"search_term_string\"}}],\"inLanguage\":\"it-IT\"},{\"@type\":\"Organization\",\"@id\":\"https:\\\/\\\/realrendering.agency\\\/it\\\/#organization\",\"name\":\"Real Rendering\",\"url\":\"https:\\\/\\\/realrendering.agency\\\/it\\\/\",\"logo\":{\"@type\":\"ImageObject\",\"inLanguage\":\"it-IT\",\"@id\":\"https:\\\/\\\/realrendering.agency\\\/it\\\/#\\\/schema\\\/logo\\\/image\\\/\",\"url\":\"https:\\\/\\\/realrendering.agency\\\/wp-content\\\/uploads\\\/2025\\\/03\\\/Logo-en-blanco.png\",\"contentUrl\":\"https:\\\/\\\/realrendering.agency\\\/wp-content\\\/uploads\\\/2025\\\/03\\\/Logo-en-blanco.png\",\"width\":1598,\"height\":1132,\"caption\":\"Real Rendering\"},\"image\":{\"@id\":\"https:\\\/\\\/realrendering.agency\\\/it\\\/#\\\/schema\\\/logo\\\/image\\\/\"},\"sameAs\":[\"https:\\\/\\\/www.facebook.com\\\/profile.php?id=100087096528075\",\"https:\\\/\\\/www.linkedin.com\\\/company\\\/real-rendering-europe\\\/\"]}]}<\/script>\n<!-- \/ Yoast SEO plugin. -->","yoast_head_json":{"title":"Politica sui cookie | Rendering reale","robots":{"index":"index","follow":"follow","max-snippet":"max-snippet:-1","max-image-preview":"max-image-preview:large","max-video-preview":"max-video-preview:-1"},"canonical":"https:\/\/realrendering.agency\/it\/politica-sui-cookie\/","og_locale":"it_IT","og_type":"article","og_title":"Politica sui cookie | Rendering reale","og_description":"Cookie dei social media Rendering and Visualization incorpora plug-in di social network, che consentono l&#8217;accesso ad essi dal sito Web. Per questo motivo, i cookie dei social media possono essere memorizzati nel browser dell&#8217;Utente. I proprietari di questi social network hanno le proprie politiche di protezione dei dati e dei cookie e, in ogni caso, [&hellip;]","og_url":"https:\/\/realrendering.agency\/it\/politica-sui-cookie\/","og_site_name":"Real Rendering","article_publisher":"https:\/\/www.facebook.com\/profile.php?id=100087096528075","article_modified_time":"2026-02-23T15:03:24+00:00","twitter_card":"summary_large_image","schema":{"@context":"https:\/\/schema.org","@graph":[{"@type":"WebPage","@id":"https:\/\/realrendering.agency\/it\/politica-sui-cookie\/","url":"https:\/\/realrendering.agency\/it\/politica-sui-cookie\/","name":"Politica sui cookie | Rendering reale","isPartOf":{"@id":"https:\/\/realrendering.agency\/it\/#website"},"datePublished":"2025-04-08T11:41:46+00:00","dateModified":"2026-02-23T15:03:24+00:00","breadcrumb":{"@id":"https:\/\/realrendering.agency\/it\/politica-sui-cookie\/#breadcrumb"},"inLanguage":"it-IT","potentialAction":[{"@type":"ReadAction","target":["https:\/\/realrendering.agency\/it\/politica-sui-cookie\/"]}]},{"@type":"BreadcrumbList","@id":"https:\/\/realrendering.agency\/it\/politica-sui-cookie\/#breadcrumb","itemListElement":[{"@type":"ListItem","position":1,"name":"Portada","item":"https:\/\/realrendering.agency\/it\/"},{"@type":"ListItem","position":2,"name":"Politica sui cookie"}]},{"@type":"WebSite","@id":"https:\/\/realrendering.agency\/it\/#website","url":"https:\/\/realrendering.agency\/it\/","name":"Real Rendering","description":"","publisher":{"@id":"https:\/\/realrendering.agency\/it\/#organization"},"potentialAction":[{"@type":"SearchAction","target":{"@type":"EntryPoint","urlTemplate":"https:\/\/realrendering.agency\/it\/?s={search_term_string}"},"query-input":{"@type":"PropertyValueSpecification","valueRequired":true,"valueName":"search_term_string"}}],"inLanguage":"it-IT"},{"@type":"Organization","@id":"https:\/\/realrendering.agency\/it\/#organization","name":"Real Rendering","url":"https:\/\/realrendering.agency\/it\/","logo":{"@type":"ImageObject","inLanguage":"it-IT","@id":"https:\/\/realrendering.agency\/it\/#\/schema\/logo\/image\/","url":"https:\/\/realrendering.agency\/wp-content\/uploads\/2025\/03\/Logo-en-blanco.png","contentUrl":"https:\/\/realrendering.agency\/wp-content\/uploads\/2025\/03\/Logo-en-blanco.png","width":1598,"height":1132,"caption":"Real Rendering"},"image":{"@id":"https:\/\/realrendering.agency\/it\/#\/schema\/logo\/image\/"},"sameAs":["https:\/\/www.facebook.com\/profile.php?id=100087096528075","https:\/\/www.linkedin.com\/company\/real-rendering-europe\/"]}]}},"_links":{"self":[{"href":"https:\/\/realrendering.agency\/it\/wp-json\/wp\/v2\/pages\/2908","targetHints":{"allow":["GET"]}}],"collection":[{"href":"https:\/\/realrendering.agency\/it\/wp-json\/wp\/v2\/pages"}],"about":[{"href":"https:\/\/realrendering.agency\/it\/wp-json\/wp\/v2\/types\/page"}],"author":[{"embeddable":true,"href":"https:\/\/realrendering.agency\/it\/wp-json\/wp\/v2\/users\/1"}],"replies":[{"embeddable":true,"href":"https:\/\/realrendering.agency\/it\/wp-json\/wp\/v2\/comments?post=2908"}],"version-history":[{"count":8,"href":"https:\/\/realrendering.agency\/it\/wp-json\/wp\/v2\/pages\/2908\/revisions"}],"predecessor-version":[{"id":9412,"href":"https:\/\/realrendering.agency\/it\/wp-json\/wp\/v2\/pages\/2908\/revisions\/9412"}],"wp:attachment":[{"href":"https:\/\/realrendering.agency\/it\/wp-json\/wp\/v2\/media?parent=2908"}],"curies":[{"name":"wp","href":"https:\/\/api.w.org\/{rel}","templated":true}]}}